{"id":2891,"date":"2025-09-29T02:36:09","date_gmt":"2025-09-29T06:36:09","guid":{"rendered":"http:\/\/christophertrapani.com\/wordpresssite\/?page_id=2891"},"modified":"2026-02-27T11:11:53","modified_gmt":"2026-02-27T16:11:53","slug":"bio-italiano","status":"publish","type":"page","link":"http:\/\/christophertrapani.com\/wordpresssite\/bio-italiano\/","title":{"rendered":"BIO ITALIANO"},"content":{"rendered":"<div class=\"container\">\n<p style=\"padding-top: 30px; padding-left: 30px; padding-right: 30px;\"><span style=\"color: #ffffff;\"><img loading=\"lazy\" decoding=\"async\" class=\" wp-image-6 alignleft\" style=\"padding-top: 10px; padding-right: 10px;\" src=\"http:\/\/christophertrapani.com\/wordpresssite\/wp-content\/uploads\/2015\/07\/headshot-3-1024x768.jpg\" alt=\"headshot-3\" width=\"400\" height=\"300\" \/><\/span><\/p>\n<p><span style=\"font-weight: 400;\">Christopher Trapani \u00e8 un compositore italo-americano con doppia cittadinanza nato a New Orleans nel 1980 con una presenza consolidata in Europa, Stati Uniti e Regno Unito. La sua musica \u00e8 stata eseguita alla Biennale di Venezia, alla Carnegie Hall (New York), al Southbank Centre (Londra), al Konzerthaus (Vienna), all\u2019IRCAM (Parigi), alla Wigmore Hall (Londra) e al Ravenna Festival, e tra le commissioni recenti figurano nuovi lavori per la BBC, il JACK Quartet e Radio France.<\/span><\/p>\n<p><span style=\"color: #ffffff;\"><span style=\"font-weight: 400;\">Come nella sua citt\u00e0 natale, New Orleans, in cui tradizioni diverse si intrecciano in un ricco crogiolo culturale, cos\u00ec nella sua musica linguaggi differenti convivono e dialogano, dando forma a una scrittura personale<\/span><\/span><\/p>\n<p><span style=\"font-weight: 400;\">Christopher Trapani, si \u00e8 laureato all\u2019Harvard College, dove ha studiato composizione con Bernard Rands e poesia con Helen Vendler, e in seguito ha ottenuto un Master al Royal College of Music di Londra sotto la supervisione di Julian Anderson.<\/span><\/p>\n<p><span style=\"font-weight: 400;\">Nel 2003 si \u00e8 trasferito a Parigi, dove ha studiato con Philippe Leroux ed \u00e8 stato in residenza presso la Cit\u00e9 Internationale des Arts. Dopo un anno trascorso a Istanbul con una borsa Fulbright dedicata allo studio della microtonalit\u00e0 nella musica classica ottomana, \u00e8 tornato a Parigi nel 2008 dove ha frequentato i corsi di musica elettronica all\u2019IRCAM sotto la direzione di Yan Maresz.<\/span><\/p>\n<p><span style=\"font-weight: 400;\">Nel 2010 si \u00e8 trasferito a New York dove ha ottenuto un dottorato alla Columbia University studiando con Tristan Murail, Georg Friedrich Haas, George Lewis e Fred Lerdahl.<\/span><\/p>\n<p><span style=\"font-weight: 400;\">Christopher ha ricevuto numerosi premi: il Premio Gaudeamus per Sparrow Episodes (2007), il Premio Leo Kaplan dell&#8217;ASCAP per \u00dcsk\u00fcdar (2009), nonch\u00e9 i Premi ASCAP e BMI Young Composers. Ha ricevuto una residenza di ricerca musicale presso l&#8217;IRCAM (2012-13), oltre a residenze artistiche presso Les Recollets (Parigi, 2013), Schloss Solitude (Stoccarda, 2014-15) e la Fondazione Camargo (Cassis, 2018). Durante l&#8217;anno accademico 2016-2017 ha soggiornato presso l&#8217;American Academy in Rome come borsista del Luciano Berio Rome Prize.<\/span><\/p>\n<p><span style=\"font-weight: 400;\">Nel corso della sua carriera ha ricevuto numerosi riconoscimenti: il Premio Gaudeamus per <\/span><i><span style=\"font-weight: 400;\">Sparrow Episodes<\/span><\/i><span style=\"font-weight: 400;\"> (2007), il Premio Leo Kaplan dell\u2019ASCAP per <\/span><i><span style=\"font-weight: 400;\">\u00dcsk\u00fcdar<\/span><\/i><span style=\"font-weight: 400;\"> (2009), oltre ai premi ASCAP e BMI Young Composers. \u00c8 stato inoltre compositore in residenza presso l\u2019IRCAM (2012\u201313) e artista in residenza presso Les R\u00e9collets (Parigi, 2013), Schloss Solitude (Stoccarda, 2014\u201315) e la Fondazione Camargo (Cassis, 2018). Nel 2016-2017 \u00e8 stato ospite dell\u2019American Academy in Rome come borsista del Luciano Berio Rome Prize.<\/span><\/p>\n<p><span style=\"font-weight: 400;\">Nel 2019 \u00e8 stato fellow della John Simon Guggenheim Memorial Foundation e ha ricevuto la Fromm Commission dell\u2019Universit\u00e0 di Harvard; nel 2020 gli \u00e8 stato assegnato il Barlow Prize.<\/span><\/p>\n<p><span style=\"font-weight: 400;\">La sua musica \u00e8 stata eseguita da musicisti di rilievo internazionale, tra cui ICTUS, JACK Quartet, Nieuw Ensemble, Ensemble L\u2019Itin\u00e9raire, Ensemble Orchestral Contemporain, Parco della Musica Contemporanea Ensemble, Ensemble Mosaik, ICE, Ensemble C Barr\u00e9, Talea Ensemble, Spektral Quartet, Zwerm, Earplay, Yarn\/Wire, Longleash e Atlas Ensemble, da solisti quali Marco Fusi, Sergey Schepkin, Benjamin Hochman, Marilyn Nonken, Lucy Dhegrae e Tony Arnold, nonch\u00e9 dalla BBC Scottish Symphony Orchestra e dall\u2019American Composers Orchestra.<span style=\"color: #ffffff;\"><img loading=\"lazy\" decoding=\"async\" class=\" wp-image-218 alignright\" src=\"http:\/\/christophertrapani.com\/wordpresssite\/wp-content\/uploads\/2015\/07\/TRAPANI-color-headshot.jpg\" alt=\"TRAPANI-color-headshot\" width=\"388\" height=\"395\" srcset=\"http:\/\/christophertrapani.com\/wordpresssite\/wp-content\/uploads\/2015\/07\/TRAPANI-color-headshot.jpg 2886w, http:\/\/christophertrapani.com\/wordpresssite\/wp-content\/uploads\/2015\/07\/TRAPANI-color-headshot-295x300.jpg 295w, http:\/\/christophertrapani.com\/wordpresssite\/wp-content\/uploads\/2015\/07\/TRAPANI-color-headshot-1006x1024.jpg 1006w\" sizes=\"auto, (max-width: 388px) 100vw, 388px\" \/><\/span><\/span><\/p>\n<p><span style=\"font-weight: 400;\">Il suo CD di debutto, <\/span><i><span style=\"font-weight: 400;\">Waterlines<\/span><\/i><span style=\"font-weight: 400;\">, con interpretazioni del Talea Ensemble, del JACK Quartet e di altri ensemble, \u00e8 stato pubblicato da New Focus Recordings nel 2018. Una seconda registrazione di <\/span><i><span style=\"font-weight: 400;\">Waterlines<\/span><\/i><span style=\"font-weight: 400;\">, realizzata da ICTUS, \u00e8 uscita nel 2020. Il ciclo di canzoni <\/span><i><span style=\"font-weight: 400;\">Noise Uprising<\/span><\/i><span style=\"font-weight: 400;\"> \u00e8 stato pubblicato nell\u2019autunno 2024 da New World Records.<\/span><\/p>\n<p><span style=\"font-weight: 400;\">\u00a0<\/span><\/p>\n<p><span style=\"font-weight: 400;\">Attualmente \u00e8 professore associato di musica elettronica e digital media presso la Louisiana State University. Divide il suo tempo tra New Orleans e la sua base europea a Palermo.<\/span><\/p>\n<\/div>\n<p><br style=\"font-weight: 400;\" \/><br style=\"font-weight: 400;\" \/><\/p>\n<div class=\"container\">\n<p>&nbsp;<\/p>\n<\/div>\n<p><!-- container --><\/p>\n","protected":false},"excerpt":{"rendered":"<p>Christopher Trapani \u00e8 un compositore italo-americano con doppia cittadinanza nato a New Orleans nel 1980 con una presenza consolidata in Europa, Stati Uniti e Regno Unito. La sua musica \u00e8<a class=\"more-link\" href=\"http:\/\/christophertrapani.com\/wordpresssite\/bio-italiano\/\">Continue reading <span class=\"screen-reader-text\">&#8220;BIO ITALIANO&#8221;<\/span><\/a><\/p>\n","protected":false},"author":1,"featured_media":0,"parent":0,"menu_order":0,"comment_status":"closed","ping_status":"closed","template":"","meta":{"jetpack_post_was_ever_published":false,"footnotes":""},"class_list":["post-2891","page","type-page","status-publish","hentry","entry"],"yoast_head":"<!-- This site is optimized with the Yoast SEO plugin v27.1.1 - https:\/\/yoast.com\/product\/yoast-seo-wordpress\/ -->\n<title>BIO ITALIANO - CHRISTOPHER TRAPANI<\/title>\n<meta name=\"robots\" content=\"index, follow, max-snippet:-1, max-image-preview:large, max-video-preview:-1\" \/>\n<link rel=\"canonical\" href=\"http:\/\/christophertrapani.com\/wordpresssite\/bio-italiano\/\" \/>\n<meta property=\"og:locale\" content=\"en_US\" \/>\n<meta property=\"og:type\" content=\"article\" \/>\n<meta property=\"og:title\" content=\"BIO ITALIANO - CHRISTOPHER TRAPANI\" \/>\n<meta property=\"og:description\" content=\"Christopher Trapani \u00e8 un compositore italo-americano con doppia cittadinanza nato a New Orleans nel 1980 con una presenza consolidata in Europa, Stati Uniti e Regno Unito. La sua musica \u00e8Continue reading &quot;BIO ITALIANO&quot;\" \/>\n<meta property=\"og:url\" content=\"http:\/\/christophertrapani.com\/wordpresssite\/bio-italiano\/\" \/>\n<meta property=\"og:site_name\" content=\"CHRISTOPHER TRAPANI\" \/>\n<meta property=\"article:modified_time\" content=\"2026-02-27T16:11:53+00:00\" \/>\n<meta property=\"og:image\" content=\"http:\/\/christophertrapani.com\/wordpresssite\/wp-content\/uploads\/2015\/07\/headshot-3-1024x768.jpg\" \/>\n<meta name=\"twitter:card\" content=\"summary_large_image\" \/>\n<meta name=\"twitter:label1\" content=\"Est. reading time\" \/>\n\t<meta name=\"twitter:data1\" content=\"3 minutes\" \/>\n<script type=\"application\/ld+json\" class=\"yoast-schema-graph\">{\"@context\":\"https:\/\/schema.org\",\"@graph\":[{\"@type\":\"WebPage\",\"@id\":\"http:\/\/christophertrapani.com\/wordpresssite\/bio-italiano\/\",\"url\":\"http:\/\/christophertrapani.com\/wordpresssite\/bio-italiano\/\",\"name\":\"BIO ITALIANO - CHRISTOPHER TRAPANI\",\"isPartOf\":{\"@id\":\"https:\/\/christophertrapani.com\/wordpresssite\/#website\"},\"primaryImageOfPage\":{\"@id\":\"http:\/\/christophertrapani.com\/wordpresssite\/bio-italiano\/#primaryimage\"},\"image\":{\"@id\":\"http:\/\/christophertrapani.com\/wordpresssite\/bio-italiano\/#primaryimage\"},\"thumbnailUrl\":\"http:\/\/christophertrapani.com\/wordpresssite\/wp-content\/uploads\/2015\/07\/headshot-3-1024x768.jpg\",\"datePublished\":\"2025-09-29T06:36:09+00:00\",\"dateModified\":\"2026-02-27T16:11:53+00:00\",\"breadcrumb\":{\"@id\":\"http:\/\/christophertrapani.com\/wordpresssite\/bio-italiano\/#breadcrumb\"},\"inLanguage\":\"en-US\",\"potentialAction\":[{\"@type\":\"ReadAction\",\"target\":[\"http:\/\/christophertrapani.com\/wordpresssite\/bio-italiano\/\"]}]},{\"@type\":\"ImageObject\",\"inLanguage\":\"en-US\",\"@id\":\"http:\/\/christophertrapani.com\/wordpresssite\/bio-italiano\/#primaryimage\",\"url\":\"http:\/\/christophertrapani.com\/wordpresssite\/wp-content\/uploads\/2015\/07\/headshot-3-scaled.jpg\",\"contentUrl\":\"http:\/\/christophertrapani.com\/wordpresssite\/wp-content\/uploads\/2015\/07\/headshot-3-scaled.jpg\",\"width\":2560,\"height\":1920},{\"@type\":\"BreadcrumbList\",\"@id\":\"http:\/\/christophertrapani.com\/wordpresssite\/bio-italiano\/#breadcrumb\",\"itemListElement\":[{\"@type\":\"ListItem\",\"position\":1,\"name\":\"Home\",\"item\":\"https:\/\/christophertrapani.com\/wordpresssite\/\"},{\"@type\":\"ListItem\",\"position\":2,\"name\":\"BIO ITALIANO\"}]},{\"@type\":\"WebSite\",\"@id\":\"https:\/\/christophertrapani.com\/wordpresssite\/#website\",\"url\":\"https:\/\/christophertrapani.com\/wordpresssite\/\",\"name\":\"CHRISTOPHER TRAPANI\",\"description\":\"composer, guitarist, electronic musician\",\"potentialAction\":[{\"@type\":\"SearchAction\",\"target\":{\"@type\":\"EntryPoint\",\"urlTemplate\":\"https:\/\/christophertrapani.com\/wordpresssite\/?s={search_term_string}\"},\"query-input\":{\"@type\":\"PropertyValueSpecification\",\"valueRequired\":true,\"valueName\":\"search_term_string\"}}],\"inLanguage\":\"en-US\"}]}<\/script>\n<!-- \/ Yoast SEO plugin. -->","yoast_head_json":{"title":"BIO ITALIANO - CHRISTOPHER TRAPANI","robots":{"index":"index","follow":"follow","max-snippet":"max-snippet:-1","max-image-preview":"max-image-preview:large","max-video-preview":"max-video-preview:-1"},"canonical":"http:\/\/christophertrapani.com\/wordpresssite\/bio-italiano\/","og_locale":"en_US","og_type":"article","og_title":"BIO ITALIANO - CHRISTOPHER TRAPANI","og_description":"Christopher Trapani \u00e8 un compositore italo-americano con doppia cittadinanza nato a New Orleans nel 1980 con una presenza consolidata in Europa, Stati Uniti e Regno Unito. La sua musica \u00e8Continue reading \"BIO ITALIANO\"","og_url":"http:\/\/christophertrapani.com\/wordpresssite\/bio-italiano\/","og_site_name":"CHRISTOPHER TRAPANI","article_modified_time":"2026-02-27T16:11:53+00:00","og_image":[{"url":"http:\/\/christophertrapani.com\/wordpresssite\/wp-content\/uploads\/2015\/07\/headshot-3-1024x768.jpg","type":"","width":"","height":""}],"twitter_card":"summary_large_image","twitter_misc":{"Est. reading time":"3 minutes"},"schema":{"@context":"https:\/\/schema.org","@graph":[{"@type":"WebPage","@id":"http:\/\/christophertrapani.com\/wordpresssite\/bio-italiano\/","url":"http:\/\/christophertrapani.com\/wordpresssite\/bio-italiano\/","name":"BIO ITALIANO - CHRISTOPHER TRAPANI","isPartOf":{"@id":"https:\/\/christophertrapani.com\/wordpresssite\/#website"},"primaryImageOfPage":{"@id":"http:\/\/christophertrapani.com\/wordpresssite\/bio-italiano\/#primaryimage"},"image":{"@id":"http:\/\/christophertrapani.com\/wordpresssite\/bio-italiano\/#primaryimage"},"thumbnailUrl":"http:\/\/christophertrapani.com\/wordpresssite\/wp-content\/uploads\/2015\/07\/headshot-3-1024x768.jpg","datePublished":"2025-09-29T06:36:09+00:00","dateModified":"2026-02-27T16:11:53+00:00","breadcrumb":{"@id":"http:\/\/christophertrapani.com\/wordpresssite\/bio-italiano\/#breadcrumb"},"inLanguage":"en-US","potentialAction":[{"@type":"ReadAction","target":["http:\/\/christophertrapani.com\/wordpresssite\/bio-italiano\/"]}]},{"@type":"ImageObject","inLanguage":"en-US","@id":"http:\/\/christophertrapani.com\/wordpresssite\/bio-italiano\/#primaryimage","url":"http:\/\/christophertrapani.com\/wordpresssite\/wp-content\/uploads\/2015\/07\/headshot-3-scaled.jpg","contentUrl":"http:\/\/christophertrapani.com\/wordpresssite\/wp-content\/uploads\/2015\/07\/headshot-3-scaled.jpg","width":2560,"height":1920},{"@type":"BreadcrumbList","@id":"http:\/\/christophertrapani.com\/wordpresssite\/bio-italiano\/#breadcrumb","itemListElement":[{"@type":"ListItem","position":1,"name":"Home","item":"https:\/\/christophertrapani.com\/wordpresssite\/"},{"@type":"ListItem","position":2,"name":"BIO ITALIANO"}]},{"@type":"WebSite","@id":"https:\/\/christophertrapani.com\/wordpresssite\/#website","url":"https:\/\/christophertrapani.com\/wordpresssite\/","name":"CHRISTOPHER TRAPANI","description":"composer, guitarist, electronic musician","potentialAction":[{"@type":"SearchAction","target":{"@type":"EntryPoint","urlTemplate":"https:\/\/christophertrapani.com\/wordpresssite\/?s={search_term_string}"},"query-input":{"@type":"PropertyValueSpecification","valueRequired":true,"valueName":"search_term_string"}}],"inLanguage":"en-US"}]}},"jetpack_sharing_enabled":true,"jetpack_shortlink":"https:\/\/wp.me\/P6uncd-KD","_links":{"self":[{"href":"http:\/\/christophertrapani.com\/wordpresssite\/wp-json\/wp\/v2\/pages\/2891","targetHints":{"allow":["GET"]}}],"collection":[{"href":"http:\/\/christophertrapani.com\/wordpresssite\/wp-json\/wp\/v2\/pages"}],"about":[{"href":"http:\/\/christophertrapani.com\/wordpresssite\/wp-json\/wp\/v2\/types\/page"}],"author":[{"embeddable":true,"href":"http:\/\/christophertrapani.com\/wordpresssite\/wp-json\/wp\/v2\/users\/1"}],"replies":[{"embeddable":true,"href":"http:\/\/christophertrapani.com\/wordpresssite\/wp-json\/wp\/v2\/comments?post=2891"}],"version-history":[{"count":12,"href":"http:\/\/christophertrapani.com\/wordpresssite\/wp-json\/wp\/v2\/pages\/2891\/revisions"}],"predecessor-version":[{"id":3479,"href":"http:\/\/christophertrapani.com\/wordpresssite\/wp-json\/wp\/v2\/pages\/2891\/revisions\/3479"}],"wp:attachment":[{"href":"http:\/\/christophertrapani.com\/wordpresssite\/wp-json\/wp\/v2\/media?parent=2891"}],"curies":[{"name":"wp","href":"https:\/\/api.w.org\/{rel}","templated":true}]}}